{"id":3,"date":"2022-06-20T13:48:53","date_gmt":"2022-06-20T13:48:53","guid":{"rendered":"https:\/\/vergeproperties.pt\/?page_id=3"},"modified":"2022-10-24T11:54:03","modified_gmt":"2022-10-24T11:54:03","slug":"politica-privacidade","status":"publish","type":"page","link":"https:\/\/vergeproperties.pt\/pt-pt\/politica-privacidade\/","title":{"rendered":"Pol\u00edtica de privacidade"},"content":{"rendered":"<p>[vc_row][vc_column column_width_percent=&#8221;100&#8243; gutter_size=&#8221;3&#8243; style=&#8221;dark&#8221; overlay_alpha=&#8221;50&#8243; shift_x=&#8221;0&#8243; shift_y=&#8221;0&#8243; shift_y_down=&#8221;0&#8243; z_index=&#8221;0&#8243; medium_width=&#8221;0&#8243; mobile_width=&#8221;0&#8243; width=&#8221;1\/1&#8243; uncode_shortcode_id=&#8221;202897&#8243; back_color_type=&#8221;uncode-palette&#8221; back_color_solid=&#8221;#ff0000&#8243; overlay_color_type=&#8221;uncode-palette&#8221; overlay_color_solid=&#8221;#ff0000&#8243; border_color_type=&#8221;uncode-palette&#8221; border_color_solid=&#8221;#ff0000&#8243;][vc_column_text uncode_shortcode_id=&#8221;201066&#8243; text_color_type=&#8221;uncode-palette&#8221; text_color_solid=&#8221;#ff0000&#8243; border_color_type=&#8221;uncode-palette&#8221; border_color_solid=&#8221;#ff0000&#8243;]<\/p>\n<h3 class=\"p2\"><b>POL\u00cdTICA DE PRIVACIDADE <\/b><\/h3>\n<p class=\"p3\">A <i>Verge Property Developers <\/i>rege-se pelos valores do rigor e da transpar\u00eancia. Estes valores s\u00e3o utilizados nas rela\u00e7\u00f5es com os nossos clientes, colaboradores e fornecedores. A privacidade e a seguran\u00e7a dos dados que nos confiam s\u00e3o para n\u00f3s extremamente importantes.<\/p>\n<p class=\"p3\">A <i>Verge Property Developers <\/i>apenas se compromete a recolher, processar, armazenar, transmitir ou eliminar os seus dados pessoais, com transpar\u00eancia, e que sejam essenciais para lhe prestar os melhores servi\u00e7os.<\/p>\n<p class=\"p3\">Procuraremos explicar de que forma utilizamos os seus dados pessoais e para que objetivos, com a garantia de que recolhemos, partilhamos e guardamos os seus dados pessoais observando as melhores pr\u00e1ticas no dom\u00ednio da seguran\u00e7a e da prote\u00e7\u00e3o dos dados pessoais.<\/p>\n<p class=\"p3\">Quando os seus dados pessoais s\u00e3o recolhidos, armazenados, processados, transmitidos ou eliminados por outras entidades, exigimos sempre os mesmos padr\u00f5es de privacidade e seguran\u00e7a.<\/p>\n<p class=\"p3\">O nosso objetivo \u00e9 que as pessoas acreditem que os seus dados pessoais est\u00e3o seguros com a <i>Verge Property Developers<\/i>, pois estaremos sempre comprometidos em proteger a sua privacidade, e assumimos com grande seriedade e empenho as nossas responsabilidades no que respeita \u00e0 prote\u00e7\u00e3o dos seus dados pessoais.<\/p>\n<p class=\"p3\">A utiliza\u00e7\u00e3o e prote\u00e7\u00e3o dos dados pessoais do Cliente que se encontrem sob a responsabilidade da <i>Verge Property Developers <\/i>cumprem a legisla\u00e7\u00e3o europeia em mat\u00e9ria de prote\u00e7\u00e3o de dados pessoais, em especial o disposto no Regulamento da UE 2016\/679.<\/p>\n<p class=\"p3\"><b>1. A quem incumbe o tratamento dos meus dados pessoais? <\/b><\/p>\n<p class=\"p3\">O respons\u00e1vel pelo tratamento dos dados pessoais \u00e9 a empresa F\u00d3RMULAS E PARCELAS, LDA, com sede Avenida Marques de Tomar 44, 7.\u00ba Dto 1050-156 Lisboa, com o capital social de 5.000,00 Euros.<\/p>\n<p class=\"p3\"><b>2. Quais os dados pessoais que a <i>Verge Property Developers <\/i>pode recolher? <\/b><\/p>\n<p class=\"p3\">Neste \u00e2mbito, a express\u00e3o \u201cdados pessoais\u201d significa o conjunto de informa\u00e7\u00f5es que se relacionam consigo e que nos permite identifica-lo, direta ou indiretamente, pelo que os seus dados pessoais consistir, por exemplo, no seu nome, o seu n\u00famero de contribuinte, os seus contactos, as suas transa\u00e7\u00f5es e as suas intera\u00e7\u00f5es connosco.<\/p>\n<p class=\"p3\">Poderemos ainda receber os seus dados pessoais de outras empresas, nomeadamente quando estas os recolhem, processam ou armazenam no \u00e2mbito de um contrato de presta\u00e7\u00e3o de servi\u00e7os.<\/p>\n<p class=\"p3\">A <i>Verge Property Developers <\/i>pode receber os tipos de dados pessoais que se seguem:<\/p>\n<ol class=\"ol1\">\n<li class=\"li4\">a) Dados de cliente (nome e n\u00famero de identifica\u00e7\u00e3o fiscal) quando adquire os nossos produtos ou servi\u00e7os ou quando realiza encomendas para levantamento em loja<\/li>\n<li class=\"li4\">b) Dados de utilizadores com registo online, identifica\u00e7\u00e3o do Cliente \u2013 nome, e-mail, morada, n\u00famero de contribuinte, passaporte e contacto telef\u00f3nico;<\/li>\n<li class=\"li4\">c) Dados de cliente para servi\u00e7os de p\u00f3s-venda \u2013 nome, morada, c\u00f3digo postal, contacto telef\u00f3nico, e-mail, detalhes da compra e reclama\u00e7\u00f5es;<\/li>\n<li class=\"li3\">d) E-mails ou chats para contactos \u00e0 dist\u00e2ncia \u2013 quando contacta a equipa de apoio ao Cliente.<\/li>\n<\/ol>\n<p class=\"p3\"><b>3. Como e por que motivo utiliza o Verge Property Developers os meus dados pessoais? <\/b><\/p>\n<p class=\"p3\">A <i>Verge Properties <\/i>f\u00e1-lo com os seguintes prop\u00f3sitos:<\/p>\n<ol class=\"ol1\">\n<li class=\"li4\">a) Marketing: para o informar sobre not\u00edcias e ofertas que poder\u00e3o ser do seu interesse;<\/li>\n<li class=\"li4\">b) Transa\u00e7\u00f5es: para emiss\u00e3o de faturas de aquisi\u00e7\u00e3o de bens e servi\u00e7os;<\/li>\n<li class=\"li4\">c) Entregas ou envio de correspond\u00eancia;<\/li>\n<li class=\"li4\">d) Contactos apoio ao Cliente: para conseguirmos prestar um servi\u00e7o de apoio, pr\u00e9 e p\u00f3s-venda e consultoria;<\/li>\n<li class=\"li3\">e) Gest\u00e3o de servi\u00e7os: para lhe podermos prestar o servi\u00e7o que nos contratou.<\/li>\n<\/ol>\n<p class=\"p3\"><b>4. Durante quanto tempo a <i>Verge Property Developers <\/i>ir\u00e1 preservar os meus dados pessoais? <\/b><\/p>\n<ol class=\"ol1\">\n<li class=\"li6\">f) Preservaremos os seus dados pessoais apenas durante o per\u00edodo que for necess\u00e1rio para cumprir os objetivos no ponto 7.3. e para cumprir a legisla\u00e7\u00e3o em vigor. Atingido o prazo m\u00e1ximo de preserva\u00e7\u00e3o, os seus dados pessoais ser\u00e3o anonimizados ou eliminados de forma segura.<\/li>\n<li class=\"li6\">g) Os prazos de reten\u00e7\u00e3o mais importantes s\u00e3o os seguintes:<\/li>\n<li class=\"li6\">h) Marketing: o per\u00edodo de reten\u00e7\u00e3o \u00e9 1 ano;<\/li>\n<li class=\"li6\">i) Transa\u00e7\u00f5es: mantemos os seus dados durante o per\u00edodo de 3 anos;<\/li>\n<li class=\"li6\">j) Contactos apoio ao Cliente: mantemos a grava\u00e7\u00e3o das suas chamadas durante 3 meses e o registo das suas intera\u00e7\u00f5es escritas durante 3 anos.<\/li>\n<li class=\"li6\">k) Garantias e apoio p\u00f3s-venda: mantemos os seus dados durante o per\u00edodo de 3 anos;<\/li>\n<li class=\"li3\">l) Gest\u00e3o de servi\u00e7os: mantemos os seus dados durante o per\u00edodo de 1 ano.<\/li>\n<\/ol>\n<p class=\"p3\"><b>5. Com quem poder\u00e1 a Verge Property Developers partilhar dados pessoais dos clientes? <\/b><\/p>\n<p class=\"p3\">No fundo, a terceiros prestadores de servi\u00e7os do <i>Verge Property Developers<\/i>, nomeadamente, empresas inseridas no processo de compra e gest\u00e3o de cobran\u00e7as, transporte, armazenamento, marketing, alojamento de <i>website <\/i>e entidades banc\u00e1rias.<\/p>\n<p class=\"p3\">A <i>Verge Property Developers <\/i>subcontrata com prestadores de servi\u00e7os id\u00f3neos, que poder\u00e3o tratar os dados unicamente para as finalidades estipuladas pela <i>V Verge Property Developers<\/i>, cumprindo a legisla\u00e7\u00e3o sobre prote\u00e7\u00e3o de dados pessoais, e demais aplic\u00e1vel. A estas empresas s\u00e3o disponibilizados t\u00e3o-s\u00f3 os dados pessoais necess\u00e1rios para a presta\u00e7\u00e3o do servi\u00e7o em causa.<\/p>\n<p class=\"p3\">Na medida em que a Lei o exija, poderemos ter que divulgar os seus dados pessoais a autoridades ou terceiros, sendo que nesses casos o nosso controlo sobre como s\u00e3o protegidos os seus dados pessoais \u00e9 limitado.<\/p>\n<p class=\"p3\"><b>6. Pode a <i>Verge Property Developers <\/i>transferir os meus dados para pa\u00edses fora da Uni\u00e3o Europeia? <\/b><\/p>\n<p class=\"p3\">Tal s\u00f3 suceder\u00e1 no caso de interesse leg\u00edtimo do titular de dados, mantendo-se o mesmo n\u00edvel de garantia de prote\u00e7\u00e3o.<\/p>\n<p class=\"p3\"><b>7. De que forma a <i>Verge Property Developers <\/i>zela pela seguran\u00e7a dos dados dos Clientes? <\/b><\/p>\n<p class=\"p3\">A <b><i>Verge Property Developers <\/i><\/b>disp\u00f5e de v\u00e1rias medidas de seguran\u00e7a da informa\u00e7\u00e3o, alinhadas com as melhores pr\u00e1ticas nacionais e internacionais, de modo a proteger os seus dados pessoais, incluindo medidas administrativas, t\u00e9cnicas, f\u00edsicas e procedimentos que garantem a prote\u00e7\u00e3o dos seus dados pessoais, impedindo a sua utiliza\u00e7\u00e3o indevida, o acesso e divulga\u00e7\u00e3o n\u00e3o autorizada, a sua perda, a sua altera\u00e7\u00e3o indevida ou inadvertida, ou a sua destrui\u00e7\u00e3o n\u00e3o autorizada.<\/p>\n<p class=\"p3\">S\u00e3o exemplo de medidas, as seguintes:<\/p>\n<ol class=\"ol1\">\n<li class=\"li4\">a) Acesso restrito aos seus dados pessoais apenas por quem deles necessita para os objetivos acima descritos;<\/li>\n<li class=\"li4\">b) Armazenamento e transfer\u00eancia de dados pessoais apenas de forma segura;<\/li>\n<li class=\"li4\">c) Prote\u00e7\u00e3o dos sistemas de informa\u00e7\u00e3o atrav\u00e9s de dispositivos que impe\u00e7am o acesso n\u00e3o autorizado aos seus dados pessoais;<\/li>\n<li class=\"li3\">d) Redund\u00e2ncia de equipamentos de armazenamento, processamento e comunica\u00e7\u00e3o de dados pessoais, para evitar perda de disponibilidade.<\/li>\n<\/ol>\n<p class=\"p3\"><b>8. Porque \u00e9 que utilizamos cookies e como garantimos a sua privacidade? <\/b><\/p>\n<p class=\"p3\">Os cookies s\u00e3o pequenos ficheiros de texto enviados para o seu computador ou dispositivo m\u00f3vel quando visita <i>websites<\/i>. Eles possibilitam melhorar o desempenho e a experi\u00eancia da navega\u00e7\u00e3o dos Clientes, permitindo armazenar e recuperar informa\u00e7\u00e3o<\/p>\n<p class=\"p3\">sobre os seus h\u00e1bitos de navega\u00e7\u00e3o por forma a personalizar a navega\u00e7\u00e3o de acordo com as suas escolhas frequentes.<\/p>\n<p class=\"p3\">Os cookies que a <b><i>Verge Property Developers <\/i><\/b>recolhe n\u00e3o permitem identificar o utilizador, guardam apenas informa\u00e7\u00f5es gen\u00e9ricas, designadamente a forma e\/ou local de acesso e o modo como usa os Websites. Assim, apenas absorvem informa\u00e7\u00e3o relacionada com as suas prefer\u00eancias como utilizador.<\/p>\n<p class=\"p3\">Caso n\u00e3o queira permitir cookies tem a possibilidade de desativar os cookies no navegador de internet que utiliza, mas dever\u00e1 ter em conta que poder\u00e1 impedir que algumas p\u00e1ginas Web sejam apresentadas corretamente.<\/p>\n<p class=\"p3\"><b>9. Como posso exercer os meus Direitos de Prote\u00e7\u00e3o de Dados Pessoais? <\/b><\/p>\n<p class=\"p3\">Verificadas certas circunst\u00e2ncias, tem o direito de aceder ou de nos solicitar:<\/p>\n<ol class=\"ol1\">\n<li class=\"li6\">a) Que transmitamos os seus dados pessoais que nos forneceu a outra entidade;<\/li>\n<li class=\"li6\">b) Informa\u00e7\u00e3o adicional sobre a utiliza\u00e7\u00e3o que fazemos dos seus dados pessoais;<\/li>\n<li class=\"li6\">c) A atualiza\u00e7\u00e3o dos seus dados pessoais;<\/li>\n<li class=\"li6\">d) Os seus dados pessoais;<\/li>\n<li class=\"li6\">e) O apagamento dos seus dados pessoais;<\/li>\n<li class=\"li6\">f) A disponibiliza\u00e7\u00e3o de um canal para que possa contestar decis\u00f5es que tenham tido por base os seus dados pessoais.<\/li>\n<li class=\"li6\">g) A oposi\u00e7\u00e3o ao tratamento dos seus dados pessoais;<\/li>\n<li class=\"li6\">h) A n\u00e3o ficar sujeito a decis\u00f5es individuais e automatizadas;<\/li>\n<li class=\"li3\">i) Tem ainda o direito de retirar ou alterar, a qualquer momento, o consentimento que nos tenha dado para utilizarmos os seus dados pessoais.<\/li>\n<\/ol>\n<p class=\"p3\">O exerc\u00edcio destes direitos \u00e9 afastado quando os seus dados pessoais s\u00e3o utilizados para salvaguarda do interesse p\u00fablico, especialmente em casos de investiga\u00e7\u00e3o e preven\u00e7\u00e3o criminal.<\/p>\n<p class=\"p3\">Para exercer os seus direitos de prote\u00e7\u00e3o de dados pessoais ou sempre que tenha alguma quest\u00e3o sobre a utiliza\u00e7\u00e3o que fazemos dos seus dados pessoais contacte-nos atrav\u00e9s do correio eletr\u00f3nico <span class=\"s2\">sales@vergeproperties.pt <\/span><span class=\"s3\">. <\/span><\/p>\n<p>[\/vc_column_text][\/vc_column][\/vc_row]<\/p>\n","protected":false},"excerpt":{"rendered":"<p>[vc_row][vc_column column_width_percent=&#8221;100&#8243; gutter_size=&#8221;3&#8243; style=&#8221;dark&#8221; overlay_alpha=&#8221;50&#8243; shift_x=&#8221;0&#8243; shift_y=&#8221;0&#8243; shift_y_down=&#8221;0&#8243; z_index=&#8221;0&#8243; medium_width=&#8221;0&#8243; mobile_width=&#8221;0&#8243; width=&#8221;1\/1&#8243; uncode_shortcode_id=&#8221;202897&#8243; back_color_type=&#8221;uncode-palette&#8221; back_color_solid=&#8221;#ff0000&#8243; overlay_color_type=&#8221;uncode-palette&#8221; overlay_color_solid=&#8221;#ff0000&#8243; border_color_type=&#8221;uncode-palette&#8221; border_color_solid=&#8221;#ff0000&#8243;][vc_column_text uncode_shortcode_id=&#8221;201066&#8243; [&hellip;]<\/p>\n","protected":false},"author":1,"featured_media":0,"parent":0,"menu_order":0,"comment_status":"closed","ping_status":"open","template":"","meta":{"footnotes":"","_links_to":"","_links_to_target":""},"class_list":["post-3","page","type-page","status-publish","hentry"],"yoast_head":"<!-- This site is optimized with the Yoast SEO plugin v19.12 - https:\/\/yoast.com\/wordpress\/plugins\/seo\/ -->\n<title>Pol\u00edtica de privacidade - Verge<\/title>\n<meta name=\"robots\" content=\"index, follow, max-snippet:-1, max-image-preview:large, max-video-preview:-1\" \/>\n<link rel=\"canonical\" href=\"https:\/\/vergeproperties.pt\/pt-pt\/politica-privacidade\/\" \/>\n<meta property=\"og:locale\" content=\"pt_PT\" \/>\n<meta property=\"og:type\" content=\"article\" \/>\n<meta property=\"og:title\" content=\"Pol\u00edtica de privacidade - Verge\" \/>\n<meta property=\"og:description\" content=\"[vc_row][vc_column column_width_percent=&#8221;100&#8243; gutter_size=&#8221;3&#8243; style=&#8221;dark&#8221; overlay_alpha=&#8221;50&#8243; shift_x=&#8221;0&#8243; shift_y=&#8221;0&#8243; shift_y_down=&#8221;0&#8243; z_index=&#8221;0&#8243; medium_width=&#8221;0&#8243; mobile_width=&#8221;0&#8243; width=&#8221;1\/1&#8243; uncode_shortcode_id=&#8221;202897&#8243; back_color_type=&#8221;uncode-palette&#8221; back_color_solid=&#8221;#ff0000&#8243; overlay_color_type=&#8221;uncode-palette&#8221; overlay_color_solid=&#8221;#ff0000&#8243; border_color_type=&#8221;uncode-palette&#8221; border_color_solid=&#8221;#ff0000&#8243;][vc_column_text uncode_shortcode_id=&#8221;201066&#8243; [&hellip;]\" \/>\n<meta property=\"og:url\" content=\"https:\/\/vergeproperties.pt\/pt-pt\/politica-privacidade\/\" \/>\n<meta property=\"og:site_name\" content=\"Verge\" \/>\n<meta property=\"article:modified_time\" content=\"2022-10-24T11:54:03+00:00\" \/>\n<meta name=\"twitter:card\" content=\"summary_large_image\" \/>\n<meta name=\"twitter:label1\" content=\"Tempo estimado de leitura\" \/>\n\t<meta name=\"twitter:data1\" content=\"8 minutos\" \/>\n<script type=\"application\/ld+json\" class=\"yoast-schema-graph\">{\"@context\":\"https:\/\/schema.org\",\"@graph\":[{\"@type\":\"WebPage\",\"@id\":\"https:\/\/vergeproperties.pt\/pt-pt\/politica-privacidade\/\",\"url\":\"https:\/\/vergeproperties.pt\/pt-pt\/politica-privacidade\/\",\"name\":\"Pol\u00edtica de privacidade - Verge\",\"isPartOf\":{\"@id\":\"https:\/\/vergeproperties.pt\/#website\"},\"datePublished\":\"2022-06-20T13:48:53+00:00\",\"dateModified\":\"2022-10-24T11:54:03+00:00\",\"breadcrumb\":{\"@id\":\"https:\/\/vergeproperties.pt\/pt-pt\/politica-privacidade\/#breadcrumb\"},\"inLanguage\":\"pt-PT\",\"potentialAction\":[{\"@type\":\"ReadAction\",\"target\":[\"https:\/\/vergeproperties.pt\/pt-pt\/politica-privacidade\/\"]}]},{\"@type\":\"BreadcrumbList\",\"@id\":\"https:\/\/vergeproperties.pt\/pt-pt\/politica-privacidade\/#breadcrumb\",\"itemListElement\":[{\"@type\":\"ListItem\",\"position\":1,\"name\":\"Home\",\"item\":\"https:\/\/vergeproperties.pt\/pt-pt\/\"},{\"@type\":\"ListItem\",\"position\":2,\"name\":\"Pol\u00edtica de privacidade\"}]},{\"@type\":\"WebSite\",\"@id\":\"https:\/\/vergeproperties.pt\/#website\",\"url\":\"https:\/\/vergeproperties.pt\/\",\"name\":\"Verge Property Developers\",\"description\":\"Property Developers\",\"publisher\":{\"@id\":\"https:\/\/vergeproperties.pt\/#organization\"},\"potentialAction\":[{\"@type\":\"SearchAction\",\"target\":{\"@type\":\"EntryPoint\",\"urlTemplate\":\"https:\/\/vergeproperties.pt\/?s={search_term_string}\"},\"query-input\":\"required name=search_term_string\"}],\"inLanguage\":\"pt-PT\"},{\"@type\":\"Organization\",\"@id\":\"https:\/\/vergeproperties.pt\/#organization\",\"name\":\"Verge Property Developers\",\"url\":\"https:\/\/vergeproperties.pt\/\",\"logo\":{\"@type\":\"ImageObject\",\"inLanguage\":\"pt-PT\",\"@id\":\"https:\/\/vergeproperties.pt\/#\/schema\/logo\/image\/\",\"url\":\"https:\/\/vergeproperties.pt\/wp-content\/uploads\/2022\/09\/logo_verge_black.png\",\"contentUrl\":\"https:\/\/vergeproperties.pt\/wp-content\/uploads\/2022\/09\/logo_verge_black.png\",\"width\":229,\"height\":90,\"caption\":\"Verge Property Developers\"},\"image\":{\"@id\":\"https:\/\/vergeproperties.pt\/#\/schema\/logo\/image\/\"}}]}<\/script>\n<!-- \/ Yoast SEO plugin. -->","yoast_head_json":{"title":"Pol\u00edtica de privacidade - Verge","robots":{"index":"index","follow":"follow","max-snippet":"max-snippet:-1","max-image-preview":"max-image-preview:large","max-video-preview":"max-video-preview:-1"},"canonical":"https:\/\/vergeproperties.pt\/pt-pt\/politica-privacidade\/","og_locale":"pt_PT","og_type":"article","og_title":"Pol\u00edtica de privacidade - Verge","og_description":"[vc_row][vc_column column_width_percent=&#8221;100&#8243; gutter_size=&#8221;3&#8243; style=&#8221;dark&#8221; overlay_alpha=&#8221;50&#8243; shift_x=&#8221;0&#8243; shift_y=&#8221;0&#8243; shift_y_down=&#8221;0&#8243; z_index=&#8221;0&#8243; medium_width=&#8221;0&#8243; mobile_width=&#8221;0&#8243; width=&#8221;1\/1&#8243; uncode_shortcode_id=&#8221;202897&#8243; back_color_type=&#8221;uncode-palette&#8221; back_color_solid=&#8221;#ff0000&#8243; overlay_color_type=&#8221;uncode-palette&#8221; overlay_color_solid=&#8221;#ff0000&#8243; border_color_type=&#8221;uncode-palette&#8221; border_color_solid=&#8221;#ff0000&#8243;][vc_column_text uncode_shortcode_id=&#8221;201066&#8243; [&hellip;]","og_url":"https:\/\/vergeproperties.pt\/pt-pt\/politica-privacidade\/","og_site_name":"Verge","article_modified_time":"2022-10-24T11:54:03+00:00","twitter_card":"summary_large_image","twitter_misc":{"Tempo estimado de leitura":"8 minutos"},"schema":{"@context":"https:\/\/schema.org","@graph":[{"@type":"WebPage","@id":"https:\/\/vergeproperties.pt\/pt-pt\/politica-privacidade\/","url":"https:\/\/vergeproperties.pt\/pt-pt\/politica-privacidade\/","name":"Pol\u00edtica de privacidade - Verge","isPartOf":{"@id":"https:\/\/vergeproperties.pt\/#website"},"datePublished":"2022-06-20T13:48:53+00:00","dateModified":"2022-10-24T11:54:03+00:00","breadcrumb":{"@id":"https:\/\/vergeproperties.pt\/pt-pt\/politica-privacidade\/#breadcrumb"},"inLanguage":"pt-PT","potentialAction":[{"@type":"ReadAction","target":["https:\/\/vergeproperties.pt\/pt-pt\/politica-privacidade\/"]}]},{"@type":"BreadcrumbList","@id":"https:\/\/vergeproperties.pt\/pt-pt\/politica-privacidade\/#breadcrumb","itemListElement":[{"@type":"ListItem","position":1,"name":"Home","item":"https:\/\/vergeproperties.pt\/pt-pt\/"},{"@type":"ListItem","position":2,"name":"Pol\u00edtica de privacidade"}]},{"@type":"WebSite","@id":"https:\/\/vergeproperties.pt\/#website","url":"https:\/\/vergeproperties.pt\/","name":"Verge Property Developers","description":"Property Developers","publisher":{"@id":"https:\/\/vergeproperties.pt\/#organization"},"potentialAction":[{"@type":"SearchAction","target":{"@type":"EntryPoint","urlTemplate":"https:\/\/vergeproperties.pt\/?s={search_term_string}"},"query-input":"required name=search_term_string"}],"inLanguage":"pt-PT"},{"@type":"Organization","@id":"https:\/\/vergeproperties.pt\/#organization","name":"Verge Property Developers","url":"https:\/\/vergeproperties.pt\/","logo":{"@type":"ImageObject","inLanguage":"pt-PT","@id":"https:\/\/vergeproperties.pt\/#\/schema\/logo\/image\/","url":"https:\/\/vergeproperties.pt\/wp-content\/uploads\/2022\/09\/logo_verge_black.png","contentUrl":"https:\/\/vergeproperties.pt\/wp-content\/uploads\/2022\/09\/logo_verge_black.png","width":229,"height":90,"caption":"Verge Property Developers"},"image":{"@id":"https:\/\/vergeproperties.pt\/#\/schema\/logo\/image\/"}}]}},"_links":{"self":[{"href":"https:\/\/vergeproperties.pt\/pt-pt\/wp-json\/wp\/v2\/pages\/3","targetHints":{"allow":["GET"]}}],"collection":[{"href":"https:\/\/vergeproperties.pt\/pt-pt\/wp-json\/wp\/v2\/pages"}],"about":[{"href":"https:\/\/vergeproperties.pt\/pt-pt\/wp-json\/wp\/v2\/types\/page"}],"author":[{"embeddable":true,"href":"https:\/\/vergeproperties.pt\/pt-pt\/wp-json\/wp\/v2\/users\/1"}],"replies":[{"embeddable":true,"href":"https:\/\/vergeproperties.pt\/pt-pt\/wp-json\/wp\/v2\/comments?post=3"}],"version-history":[{"count":3,"href":"https:\/\/vergeproperties.pt\/pt-pt\/wp-json\/wp\/v2\/pages\/3\/revisions"}],"predecessor-version":[{"id":113818,"href":"https:\/\/vergeproperties.pt\/pt-pt\/wp-json\/wp\/v2\/pages\/3\/revisions\/113818"}],"wp:attachment":[{"href":"https:\/\/vergeproperties.pt\/pt-pt\/wp-json\/wp\/v2\/media?parent=3"}],"curies":[{"name":"wp","href":"https:\/\/api.w.org\/{rel}","templated":true}]}}