{"id":111234,"date":"2022-07-13T08:21:25","date_gmt":"2022-07-13T08:21:25","guid":{"rendered":"https:\/\/vergeproperties.pt\/?page_id=111234"},"modified":"2022-10-26T14:34:53","modified_gmt":"2022-10-26T14:34:53","slug":"sobre-nos","status":"publish","type":"page","link":"https:\/\/vergeproperties.pt\/pt-pt\/sobre-nos\/","title":{"rendered":"Sobre N\u00f3s"},"content":{"rendered":"<p>[vc_row row_height_percent=&#8221;100&#8243; back_image=&#8221;112397&#8243; overlay_alpha=&#8221;50&#8243; gutter_size=&#8221;3&#8243; column_width_percent=&#8221;100&#8243; shift_y=&#8221;0&#8243; z_index=&#8221;0&#8243; mobile_visibility=&#8221;yes&#8221; uncode_shortcode_id=&#8221;104426&#8243;][vc_column width=&#8221;1\/1&#8243;][\/vc_column][\/vc_row][vc_row row_height_percent=&#8221;100&#8243; back_image=&#8221;112400&#8243; overlay_alpha=&#8221;50&#8243; gutter_size=&#8221;3&#8243; column_width_percent=&#8221;100&#8243; shift_y=&#8221;0&#8243; z_index=&#8221;0&#8243; desktop_visibility=&#8221;yes&#8221; medium_visibility=&#8221;yes&#8221; uncode_shortcode_id=&#8221;100287&#8243;][vc_column width=&#8221;1\/1&#8243;][vc_row_inner limit_content=&#8221;&#8221;][vc_column_inner column_width_percent=&#8221;100&#8243; position_vertical=&#8221;bottom&#8221; gutter_size=&#8221;3&#8243; overlay_alpha=&#8221;50&#8243; shift_x=&#8221;0&#8243; shift_y=&#8221;0&#8243; shift_y_down=&#8221;0&#8243; z_index=&#8221;0&#8243; medium_width=&#8221;0&#8243; mobile_width=&#8221;0&#8243; width=&#8221;1\/2&#8243; uncode_shortcode_id=&#8221;552908&#8243;][vc_empty_space empty_h=&#8221;5&#8243;][vc_empty_space empty_h=&#8221;5&#8243;][vc_empty_space empty_h=&#8221;5&#8243;][vc_empty_space empty_h=&#8221;5&#8243;][\/vc_column_inner][vc_column_inner width=&#8221;1\/2&#8243;][\/vc_column_inner][\/vc_row_inner][\/vc_column][\/vc_row][vc_row row_height_percent=&#8221;0&#8243; overlay_alpha=&#8221;50&#8243; gutter_size=&#8221;3&#8243; column_width_percent=&#8221;100&#8243; shift_y=&#8221;0&#8243; z_index=&#8221;0&#8243; uncode_shortcode_id=&#8221;164256&#8243; css=&#8221;.vc_custom_1663845744036{margin-top: -200px !important;}&#8221;][vc_column width=&#8221;1\/1&#8243;][vc_custom_heading text_color=&#8221;color-xsdn&#8221; heading_semantic=&#8221;h3&#8243; text_font=&#8221;font-951856&#8243; text_size=&#8221;fontsize-338686&#8243; text_weight=&#8221;600&#8243; text_height=&#8221;fontheight-161249&#8243; text_space=&#8221;fontspace-111509&#8243; css_animation=&#8221;left-t-right&#8221; uncode_shortcode_id=&#8221;200834&#8243; text_color_type=&#8221;uncode-palette&#8221;]Sobre<br \/>\nn\u00f3s[\/vc_custom_heading][vc_custom_heading heading_semantic=&#8221;h3&#8243; text_font=&#8221;font-951856&#8243; text_size=&#8221;h1&#8243; text_weight=&#8221;500&#8243; text_space=&#8221;fontspace-111509&#8243; uncode_shortcode_id=&#8221;192888&#8243;]A Verge est\u00e1 a transformar o setor imobili\u00e1rio em Portugal ao desenvolver e promover projetos residenciais com elevados padr\u00f5es de qualidade, deslocalizados dos grandes centros, e com foco no interior do pa\u00eds.[\/vc_custom_heading][vc_custom_heading heading_semantic=&#8221;h3&#8243; text_font=&#8221;font-951856&#8243; text_size=&#8221;h1&#8243; text_weight=&#8221;300&#8243; uncode_shortcode_id=&#8221;112937&#8243;]A localiza\u00e7\u00e3o dos projetos, obriga a um profundo conhecimento do mercado, bem como das principais tend\u00eancias, identificamos com crit\u00e9rio zonas interiores com \u00f3timas acessibilidades e indicadores positivos a n\u00edvel econ\u00f3mico, cultural e humano.[\/vc_custom_heading][\/vc_column][\/vc_row][vc_row unlock_row_content=&#8221;yes&#8221; row_height_percent=&#8221;100&#8243; back_image=&#8221;111990&#8243; overlay_alpha=&#8221;50&#8243; gutter_size=&#8221;3&#8243; column_width_percent=&#8221;100&#8243; shift_y=&#8221;0&#8243; z_index=&#8221;0&#8243; uncode_shortcode_id=&#8221;598946&#8243; css=&#8221;.vc_custom_1662546426486{padding-top: 900px !important;}&#8221;][vc_column column_width_percent=&#8221;100&#8243; position_vertical=&#8221;middle&#8221; align_horizontal=&#8221;align_center&#8221; gutter_size=&#8221;3&#8243; overlay_alpha=&#8221;50&#8243; shift_x=&#8221;0&#8243; shift_y=&#8221;0&#8243; shift_y_down=&#8221;0&#8243; z_index=&#8221;0&#8243; medium_width=&#8221;0&#8243; mobile_width=&#8221;0&#8243; width=&#8221;1\/1&#8243; uncode_shortcode_id=&#8221;103734&#8243;][\/vc_column][\/vc_row][vc_row row_height_percent=&#8221;0&#8243; override_padding=&#8221;yes&#8221; h_padding=&#8221;1&#8243; top_padding=&#8221;5&#8243; bottom_padding=&#8221;4&#8243; back_color=&#8221;color-lxmt&#8221; overlay_alpha=&#8221;50&#8243; gutter_size=&#8221;3&#8243; column_width_percent=&#8221;100&#8243; preserve_border=&#8221;yes&#8221; preserve_border_tablet=&#8221;yes&#8221; preserve_border_mobile=&#8221;yes&#8221; shift_y=&#8221;0&#8243; z_index=&#8221;0&#8243; uncode_shortcode_id=&#8221;111782&#8243; css=&#8221;.vc_custom_1666794874065{padding-right: 20px !important;padding-left: 20px !important;}&#8221; back_color_type=&#8221;uncode-palette&#8221; back_color_solid=&#8221;#ff0000&#8243; overlay_color_type=&#8221;uncode-palette&#8221; overlay_color_solid=&#8221;#ff0000&#8243; border_color_type=&#8221;uncode-palette&#8221; border_color_solid=&#8221;#ff0000&#8243; shape_dividers=&#8221;&#8221;][vc_column column_width_percent=&#8221;100&#8243; position_horizontal=&#8221;left&#8221; gutter_size=&#8221;3&#8243; overlay_alpha=&#8221;50&#8243; shift_x=&#8221;0&#8243; shift_y=&#8221;0&#8243; shift_y_down=&#8221;0&#8243; z_index=&#8221;0&#8243; medium_width=&#8221;0&#8243; mobile_width=&#8221;0&#8243; width=&#8221;1\/1&#8243; uncode_shortcode_id=&#8221;164696&#8243;][vc_custom_heading text_color=&#8221;color-jevc&#8221; heading_semantic=&#8221;h3&#8243; text_font=&#8221;font-951856&#8243; text_size=&#8221;fontsize-338686&#8243; text_weight=&#8221;600&#8243; text_height=&#8221;fontheight-161249&#8243; text_space=&#8221;fontspace-111509&#8243; css_animation=&#8221;left-t-right&#8221; uncode_shortcode_id=&#8221;228337&#8243; text_color_type=&#8221;uncode-palette&#8221;]Os<br \/>\nnossos<br \/>\nvalores[\/vc_custom_heading][vc_row_inner row_inner_height_percent=&#8221;0&#8243; overlay_alpha=&#8221;50&#8243; gutter_size=&#8221;3&#8243; shift_y=&#8221;0&#8243; z_index=&#8221;0&#8243; limit_content=&#8221;&#8221; uncode_shortcode_id=&#8221;336862&#8243; back_color_type=&#8221;uncode-palette&#8221; back_color_solid=&#8221;#ff0000&#8243; overlay_color_type=&#8221;uncode-palette&#8221; overlay_color_solid=&#8221;#ff0000&#8243; border_color_type=&#8221;uncode-palette&#8221; border_color_solid=&#8221;#ff0000&#8243; shape_dividers=&#8221;&#8221;][vc_column_inner column_width_percent=&#8221;100&#8243; position_horizontal=&#8221;left&#8221; gutter_size=&#8221;0&#8243; overlay_alpha=&#8221;50&#8243; shift_x=&#8221;0&#8243; shift_y=&#8221;0&#8243; shift_y_down=&#8221;0&#8243; z_index=&#8221;0&#8243; medium_width=&#8221;0&#8243; mobile_width=&#8221;0&#8243; width=&#8221;1\/2&#8243; uncode_shortcode_id=&#8221;136453&#8243;][vc_custom_heading text_color=&#8221;color-jevc&#8221; heading_semantic=&#8221;h3&#8243; text_font=&#8221;font-951856&#8243; text_size=&#8221;h1&#8243; text_weight=&#8221;700&#8243; uncode_shortcode_id=&#8221;198106&#8243; text_color_type=&#8221;uncode-palette&#8221;]Sustentabilidade[\/vc_custom_heading][vc_custom_heading text_color=&#8221;color-jevc&#8221; text_font=&#8221;font-951856&#8243; text_size=&#8221;h3&#8243; text_weight=&#8221;300&#8243; uncode_shortcode_id=&#8221;236616&#8243; text_color_type=&#8221;uncode-palette&#8221; text_color_solid=&#8221;#ff0000&#8243;]Utilizamos solu\u00e7\u00f5es sustent\u00e1veis e otimizamos recursos na constru\u00e7\u00e3o, permitindo ajudar a desenvolver o interior do pa\u00eds e simultaneamente respeitar o ambiente.[\/vc_custom_heading][\/vc_column_inner][vc_column_inner column_width_percent=&#8221;100&#8243; gutter_size=&#8221;0&#8243; overlay_alpha=&#8221;50&#8243; shift_x=&#8221;0&#8243; shift_y=&#8221;0&#8243; shift_y_down=&#8221;0&#8243; z_index=&#8221;0&#8243; medium_width=&#8221;0&#8243; mobile_width=&#8221;0&#8243; width=&#8221;1\/2&#8243; uncode_shortcode_id=&#8221;176254&#8243;][vc_custom_heading text_color=&#8221;color-jevc&#8221; heading_semantic=&#8221;h3&#8243; text_font=&#8221;font-951856&#8243; text_size=&#8221;h1&#8243; text_weight=&#8221;700&#8243; uncode_shortcode_id=&#8221;166272&#8243; text_color_type=&#8221;uncode-palette&#8221;]Mutualidade[\/vc_custom_heading][vc_custom_heading text_color=&#8221;color-jevc&#8221; text_font=&#8221;font-951856&#8243; text_size=&#8221;h3&#8243; text_weight=&#8221;300&#8243; uncode_shortcode_id=&#8221;163775&#8243; text_color_type=&#8221;uncode-palette&#8221;]Desenvolvemos todos os projetos de forma \u00e9tica e respons\u00e1vel, tendo como objetivo ter um impacto positivo nos novos propriet\u00e1rios, bem como na comunidade onde os empreendimentos est\u00e3o inseridos.[\/vc_custom_heading][\/vc_column_inner][\/vc_row_inner][\/vc_column][\/vc_row][vc_row row_height_percent=&#8221;80&#8243; override_padding=&#8221;yes&#8221; h_padding=&#8221;1&#8243; top_padding=&#8221;0&#8243; bottom_padding=&#8221;0&#8243; back_color=&#8221;color-xsdn&#8221; back_image=&#8221;114008&#8243; overlay_alpha=&#8221;50&#8243; gutter_size=&#8221;3&#8243; column_width_percent=&#8221;100&#8243; preserve_border=&#8221;yes&#8221; preserve_border_tablet=&#8221;yes&#8221; preserve_border_mobile=&#8221;yes&#8221; shift_y=&#8221;0&#8243; z_index=&#8221;0&#8243; uncode_shortcode_id=&#8221;139747&#8243; back_color_type=&#8221;uncode-palette&#8221; css=&#8221;.vc_custom_1666794885450{padding-right: 20px !important;padding-left: 20px !important;}&#8221; back_color_solid=&#8221;#ff0000&#8243; overlay_color_type=&#8221;uncode-palette&#8221; overlay_color_solid=&#8221;#ff0000&#8243; border_color_type=&#8221;uncode-palette&#8221; border_color_solid=&#8221;#ff0000&#8243; shape_dividers=&#8221;&#8221;][vc_column column_width_percent=&#8221;100&#8243; position_horizontal=&#8221;left&#8221; gutter_size=&#8221;3&#8243; overlay_alpha=&#8221;50&#8243; shift_x=&#8221;0&#8243; shift_y=&#8221;0&#8243; shift_y_down=&#8221;0&#8243; z_index=&#8221;0&#8243; medium_width=&#8221;0&#8243; mobile_width=&#8221;0&#8243; width=&#8221;1\/1&#8243; uncode_shortcode_id=&#8221;164696&#8243;][vc_row_inner limit_content=&#8221;&#8221;][vc_column_inner column_width_percent=&#8221;100&#8243; position_horizontal=&#8221;left&#8221; gutter_size=&#8221;0&#8243; overlay_alpha=&#8221;50&#8243; shift_x=&#8221;0&#8243; shift_y=&#8221;0&#8243; shift_y_down=&#8221;0&#8243; z_index=&#8221;0&#8243; medium_width=&#8221;0&#8243; mobile_width=&#8221;0&#8243; width=&#8221;1\/2&#8243; uncode_shortcode_id=&#8221;108133&#8243;][vc_custom_heading text_color=&#8221;color-jevc&#8221; heading_semantic=&#8221;h3&#8243; text_font=&#8221;font-951856&#8243; text_size=&#8221;h1&#8243; text_weight=&#8221;700&#8243; uncode_shortcode_id=&#8221;142637&#8243; text_color_type=&#8221;uncode-palette&#8221;]Excel\u00eancia[\/vc_custom_heading][vc_custom_heading text_color=&#8221;color-jevc&#8221; text_font=&#8221;font-951856&#8243; text_size=&#8221;h3&#8243; text_weight=&#8221;300&#8243; uncode_shortcode_id=&#8221;121534&#8243; text_color_type=&#8221;uncode-palette&#8221;]Realizamos uma escolha seletiva dos nossos parceiros e materiais, com o intuito de oferecer o melhor conforto e comodidade, garantindo uma constru\u00e7\u00e3o de elevada qualidade.[\/vc_custom_heading][vc_empty_space empty_h=&#8221;3&#8243;][vc_custom_heading text_color=&#8221;color-jevc&#8221; heading_semantic=&#8221;h3&#8243; text_font=&#8221;font-951856&#8243; text_size=&#8221;h1&#8243; text_weight=&#8221;700&#8243; uncode_shortcode_id=&#8221;379012&#8243; text_color_type=&#8221;uncode-palette&#8221;]Modernidade[\/vc_custom_heading][vc_custom_heading text_color=&#8221;color-jevc&#8221; text_font=&#8221;font-951856&#8243; text_size=&#8221;h3&#8243; text_weight=&#8221;300&#8243; uncode_shortcode_id=&#8221;128027&#8243; text_color_type=&#8221;uncode-palette&#8221;]Selecionamos as melhores tecnologias com o objetivo de ter uma constru\u00e7\u00e3o vocacionada para o presente, mas sem esquecer o futuro.[\/vc_custom_heading][\/vc_column_inner][vc_column_inner column_width_percent=&#8221;100&#8243; gutter_size=&#8221;0&#8243; overlay_alpha=&#8221;50&#8243; shift_x=&#8221;0&#8243; shift_y=&#8221;0&#8243; shift_y_down=&#8221;0&#8243; z_index=&#8221;0&#8243; medium_width=&#8221;0&#8243; mobile_width=&#8221;0&#8243; width=&#8221;1\/2&#8243; uncode_shortcode_id=&#8221;176254&#8243;][vc_single_image media=&#8221;112002&#8243; media_width_percent=&#8221;100&#8243; uncode_shortcode_id=&#8221;963926&#8243;][\/vc_column_inner][\/vc_row_inner][\/vc_column][\/vc_row][vc_row row_height_percent=&#8221;0&#8243; back_color=&#8221;color-xsdn&#8221; overlay_alpha=&#8221;50&#8243; gutter_size=&#8221;3&#8243; column_width_percent=&#8221;100&#8243; shift_y=&#8221;0&#8243; z_index=&#8221;0&#8243; mobile_visibility=&#8221;yes&#8221; uncode_shortcode_id=&#8221;123095&#8243; back_color_type=&#8221;uncode-palette&#8221; css=&#8221;.vc_custom_1666792949115{margin-top: -70px !important;padding-right: 50px !important;padding-left: 50px !important;}&#8221; back_color_solid=&#8221;#ff0000&#8243; overlay_color_type=&#8221;uncode-palette&#8221; overlay_color_solid=&#8221;#ff0000&#8243; border_color_type=&#8221;uncode-palette&#8221; border_color_solid=&#8221;#ff0000&#8243;][vc_column column_width_percent=&#8221;100&#8243; align_horizontal=&#8221;align_center&#8221; gutter_size=&#8221;3&#8243; overlay_alpha=&#8221;50&#8243; shift_x=&#8221;0&#8243; shift_y=&#8221;0&#8243; shift_y_down=&#8221;0&#8243; z_index=&#8221;0&#8243; medium_width=&#8221;0&#8243; mobile_width=&#8221;0&#8243; width=&#8221;1\/1&#8243; uncode_shortcode_id=&#8221;163939&#8243;][vc_custom_heading text_color=&#8221;color-jevc&#8221; text_size=&#8221;fontsize-338686&#8243; text_height=&#8221;fontheight-179065&#8243; uncode_shortcode_id=&#8221;167839&#8243; text_color_type=&#8221;uncode-palette&#8221;]Fazemos a gest\u00e3o<br \/>\ndo seu investimento[\/vc_custom_heading][vc_custom_heading text_color=&#8221;color-210407&#8243; heading_semantic=&#8221;h3&#8243; text_font=&#8221;font-951856&#8243; text_size=&#8221;h1&#8243; text_weight=&#8221;500&#8243; text_space=&#8221;fontspace-111509&#8243; uncode_shortcode_id=&#8221;162381&#8243; text_color_type=&#8221;uncode-palette&#8221;]Nos nossos servi\u00e7os temos tamb\u00e9m solu\u00e7\u00f5es \u00e0 medida para o apoiar<br \/>\nna gest\u00e3o de im\u00f3veis.Somos hoje um Promotor de refer\u00eancia no desenvolvimento residencial do interior, com forte capacidade<br \/>\nde gest\u00e3o de im\u00f3veis.[\/vc_custom_heading][vc_empty_space empty_h=&#8221;2&#8243;][vc_button button_color=&#8221;color-jevc&#8221; size=&#8221;link&#8221; btn_link_size=&#8221;h3&#8243; btn_link_underline=&#8221;btn-underline&#8221; custom_typo=&#8221;yes&#8221; font_family=&#8221;font-951856&#8243; font_weight=&#8221;800&#8243; letter_spacing=&#8221;fontspace-781688&#8243; display=&#8221;inline&#8221; button_color_type=&#8221;uncode-palette&#8221; uncode_shortcode_id=&#8221;199796&#8243; link=&#8221;url:https%3A%2F%2Fvergeproperties.pt%2Fpt-pt%2Fo-nosso-portfolio%2F&#8221; button_color_solid=&#8221;#ff0000&#8243;]VER PORTF\u00d3LIO +[\/vc_button][vc_empty_space empty_h=&#8221;2&#8243;][\/vc_column][\/vc_row][vc_row row_height_percent=&#8221;0&#8243; back_color=&#8221;color-xsdn&#8221; overlay_alpha=&#8221;50&#8243; gutter_size=&#8221;3&#8243; column_width_percent=&#8221;100&#8243; shift_y=&#8221;0&#8243; z_index=&#8221;0&#8243; desktop_visibility=&#8221;yes&#8221; medium_visibility=&#8221;yes&#8221; uncode_shortcode_id=&#8221;124707&#8243; back_color_type=&#8221;uncode-palette&#8221; back_color_solid=&#8221;#ff0000&#8243; overlay_color_type=&#8221;uncode-palette&#8221; overlay_color_solid=&#8221;#ff0000&#8243; border_color_type=&#8221;uncode-palette&#8221; border_color_solid=&#8221;#ff0000&#8243;][vc_column column_width_percent=&#8221;100&#8243; align_horizontal=&#8221;align_center&#8221; gutter_size=&#8221;3&#8243; overlay_alpha=&#8221;50&#8243; shift_x=&#8221;0&#8243; shift_y=&#8221;0&#8243; shift_y_down=&#8221;0&#8243; z_index=&#8221;0&#8243; medium_width=&#8221;0&#8243; mobile_width=&#8221;0&#8243; width=&#8221;1\/1&#8243; uncode_shortcode_id=&#8221;163939&#8243;][vc_custom_heading text_color=&#8221;color-jevc&#8221; text_size=&#8221;fontsize-338686&#8243; text_height=&#8221;fontheight-179065&#8243; uncode_shortcode_id=&#8221;167839&#8243; text_color_type=&#8221;uncode-palette&#8221;]Fazemos a gest\u00e3o<br \/>\ndo seu investimento[\/vc_custom_heading][vc_custom_heading text_color=&#8221;color-210407&#8243; heading_semantic=&#8221;h3&#8243; text_font=&#8221;font-951856&#8243; text_size=&#8221;h1&#8243; text_weight=&#8221;500&#8243; text_space=&#8221;fontspace-111509&#8243; uncode_shortcode_id=&#8221;162381&#8243; text_color_type=&#8221;uncode-palette&#8221;]Nos nossos servi\u00e7os temos tamb\u00e9m solu\u00e7\u00f5es \u00e0 medida para o apoiar<br \/>\nna gest\u00e3o de im\u00f3veis.Somos hoje um Promotor de refer\u00eancia no desenvolvimento residencial do interior, com forte capacidade<br \/>\nde gest\u00e3o de im\u00f3veis.[\/vc_custom_heading][vc_empty_space empty_h=&#8221;2&#8243;][vc_button button_color=&#8221;color-jevc&#8221; size=&#8221;link&#8221; btn_link_size=&#8221;h3&#8243; btn_link_underline=&#8221;btn-underline&#8221; custom_typo=&#8221;yes&#8221; font_family=&#8221;font-951856&#8243; font_weight=&#8221;800&#8243; letter_spacing=&#8221;fontspace-781688&#8243; display=&#8221;inline&#8221; button_color_type=&#8221;uncode-palette&#8221; uncode_shortcode_id=&#8221;199796&#8243; link=&#8221;url:https%3A%2F%2Fvergeproperties.pt%2Fpt-pt%2Fo-nosso-portfolio%2F&#8221; button_color_solid=&#8221;#ff0000&#8243;]VER PORTF\u00d3LIO +[\/vc_button][vc_empty_space empty_h=&#8221;2&#8243;][\/vc_column][\/vc_row]<\/p>\n","protected":false},"excerpt":{"rendered":"<p>[vc_row row_height_percent=&#8221;100&#8243; back_image=&#8221;112397&#8243; overlay_alpha=&#8221;50&#8243; gutter_size=&#8221;3&#8243; column_width_percent=&#8221;100&#8243; shift_y=&#8221;0&#8243; z_index=&#8221;0&#8243; mobile_visibility=&#8221;yes&#8221; uncode_shortcode_id=&#8221;104426&#8243;][vc_column width=&#8221;1\/1&#8243;][\/vc_column][\/vc_row][vc_row row_height_percent=&#8221;100&#8243; back_image=&#8221;112400&#8243; overlay_alpha=&#8221;50&#8243; gutter_size=&#8221;3&#8243; column_width_percent=&#8221;100&#8243; shift_y=&#8221;0&#8243; z_index=&#8221;0&#8243; desktop_visibility=&#8221;yes&#8221; medium_visibility=&#8221;yes&#8221; [&hellip;]<\/p>\n","protected":false},"author":1,"featured_media":0,"parent":0,"menu_order":0,"comment_status":"closed","ping_status":"closed","template":"","meta":{"footnotes":"","_links_to":"","_links_to_target":""},"class_list":["post-111234","page","type-page","status-publish","hentry"],"yoast_head":"<!-- This site is optimized with the Yoast SEO plugin v19.12 - https:\/\/yoast.com\/wordpress\/plugins\/seo\/ -->\n<title>Sobre N\u00f3s - Verge<\/title>\n<meta name=\"robots\" content=\"index, follow, max-snippet:-1, max-image-preview:large, max-video-preview:-1\" \/>\n<link rel=\"canonical\" href=\"https:\/\/vergeproperties.pt\/pt-pt\/sobre-nos\/\" \/>\n<meta property=\"og:locale\" content=\"pt_PT\" \/>\n<meta property=\"og:type\" content=\"article\" \/>\n<meta property=\"og:title\" content=\"Sobre N\u00f3s - Verge\" \/>\n<meta property=\"og:description\" content=\"[vc_row row_height_percent=&#8221;100&#8243; back_image=&#8221;112397&#8243; overlay_alpha=&#8221;50&#8243; gutter_size=&#8221;3&#8243; column_width_percent=&#8221;100&#8243; shift_y=&#8221;0&#8243; z_index=&#8221;0&#8243; mobile_visibility=&#8221;yes&#8221; uncode_shortcode_id=&#8221;104426&#8243;][vc_column width=&#8221;1\/1&#8243;][\/vc_column][\/vc_row][vc_row row_height_percent=&#8221;100&#8243; back_image=&#8221;112400&#8243; overlay_alpha=&#8221;50&#8243; gutter_size=&#8221;3&#8243; column_width_percent=&#8221;100&#8243; shift_y=&#8221;0&#8243; z_index=&#8221;0&#8243; desktop_visibility=&#8221;yes&#8221; medium_visibility=&#8221;yes&#8221; [&hellip;]\" \/>\n<meta property=\"og:url\" content=\"https:\/\/vergeproperties.pt\/pt-pt\/sobre-nos\/\" \/>\n<meta property=\"og:site_name\" content=\"Verge\" \/>\n<meta property=\"article:modified_time\" content=\"2022-10-26T14:34:53+00:00\" \/>\n<meta name=\"twitter:card\" content=\"summary_large_image\" \/>\n<meta name=\"twitter:label1\" content=\"Tempo estimado de leitura\" \/>\n\t<meta name=\"twitter:data1\" content=\"8 minutos\" \/>\n<script type=\"application\/ld+json\" class=\"yoast-schema-graph\">{\"@context\":\"https:\/\/schema.org\",\"@graph\":[{\"@type\":\"WebPage\",\"@id\":\"https:\/\/vergeproperties.pt\/pt-pt\/sobre-nos\/\",\"url\":\"https:\/\/vergeproperties.pt\/pt-pt\/sobre-nos\/\",\"name\":\"Sobre N\u00f3s - Verge\",\"isPartOf\":{\"@id\":\"https:\/\/vergeproperties.pt\/#website\"},\"datePublished\":\"2022-07-13T08:21:25+00:00\",\"dateModified\":\"2022-10-26T14:34:53+00:00\",\"breadcrumb\":{\"@id\":\"https:\/\/vergeproperties.pt\/pt-pt\/sobre-nos\/#breadcrumb\"},\"inLanguage\":\"pt-PT\",\"potentialAction\":[{\"@type\":\"ReadAction\",\"target\":[\"https:\/\/vergeproperties.pt\/pt-pt\/sobre-nos\/\"]}]},{\"@type\":\"BreadcrumbList\",\"@id\":\"https:\/\/vergeproperties.pt\/pt-pt\/sobre-nos\/#breadcrumb\",\"itemListElement\":[{\"@type\":\"ListItem\",\"position\":1,\"name\":\"Home\",\"item\":\"https:\/\/vergeproperties.pt\/pt-pt\/\"},{\"@type\":\"ListItem\",\"position\":2,\"name\":\"Sobre N\u00f3s\"}]},{\"@type\":\"WebSite\",\"@id\":\"https:\/\/vergeproperties.pt\/#website\",\"url\":\"https:\/\/vergeproperties.pt\/\",\"name\":\"Verge Property Developers\",\"description\":\"Property Developers\",\"publisher\":{\"@id\":\"https:\/\/vergeproperties.pt\/#organization\"},\"potentialAction\":[{\"@type\":\"SearchAction\",\"target\":{\"@type\":\"EntryPoint\",\"urlTemplate\":\"https:\/\/vergeproperties.pt\/?s={search_term_string}\"},\"query-input\":\"required name=search_term_string\"}],\"inLanguage\":\"pt-PT\"},{\"@type\":\"Organization\",\"@id\":\"https:\/\/vergeproperties.pt\/#organization\",\"name\":\"Verge Property Developers\",\"url\":\"https:\/\/vergeproperties.pt\/\",\"logo\":{\"@type\":\"ImageObject\",\"inLanguage\":\"pt-PT\",\"@id\":\"https:\/\/vergeproperties.pt\/#\/schema\/logo\/image\/\",\"url\":\"https:\/\/vergeproperties.pt\/wp-content\/uploads\/2022\/09\/logo_verge_black.png\",\"contentUrl\":\"https:\/\/vergeproperties.pt\/wp-content\/uploads\/2022\/09\/logo_verge_black.png\",\"width\":229,\"height\":90,\"caption\":\"Verge Property Developers\"},\"image\":{\"@id\":\"https:\/\/vergeproperties.pt\/#\/schema\/logo\/image\/\"}}]}<\/script>\n<!-- \/ Yoast SEO plugin. -->","yoast_head_json":{"title":"Sobre N\u00f3s - Verge","robots":{"index":"index","follow":"follow","max-snippet":"max-snippet:-1","max-image-preview":"max-image-preview:large","max-video-preview":"max-video-preview:-1"},"canonical":"https:\/\/vergeproperties.pt\/pt-pt\/sobre-nos\/","og_locale":"pt_PT","og_type":"article","og_title":"Sobre N\u00f3s - Verge","og_description":"[vc_row row_height_percent=&#8221;100&#8243; back_image=&#8221;112397&#8243; overlay_alpha=&#8221;50&#8243; gutter_size=&#8221;3&#8243; column_width_percent=&#8221;100&#8243; shift_y=&#8221;0&#8243; z_index=&#8221;0&#8243; mobile_visibility=&#8221;yes&#8221; uncode_shortcode_id=&#8221;104426&#8243;][vc_column width=&#8221;1\/1&#8243;][\/vc_column][\/vc_row][vc_row row_height_percent=&#8221;100&#8243; back_image=&#8221;112400&#8243; overlay_alpha=&#8221;50&#8243; gutter_size=&#8221;3&#8243; column_width_percent=&#8221;100&#8243; shift_y=&#8221;0&#8243; z_index=&#8221;0&#8243; desktop_visibility=&#8221;yes&#8221; medium_visibility=&#8221;yes&#8221; [&hellip;]","og_url":"https:\/\/vergeproperties.pt\/pt-pt\/sobre-nos\/","og_site_name":"Verge","article_modified_time":"2022-10-26T14:34:53+00:00","twitter_card":"summary_large_image","twitter_misc":{"Tempo estimado de leitura":"8 minutos"},"schema":{"@context":"https:\/\/schema.org","@graph":[{"@type":"WebPage","@id":"https:\/\/vergeproperties.pt\/pt-pt\/sobre-nos\/","url":"https:\/\/vergeproperties.pt\/pt-pt\/sobre-nos\/","name":"Sobre N\u00f3s - Verge","isPartOf":{"@id":"https:\/\/vergeproperties.pt\/#website"},"datePublished":"2022-07-13T08:21:25+00:00","dateModified":"2022-10-26T14:34:53+00:00","breadcrumb":{"@id":"https:\/\/vergeproperties.pt\/pt-pt\/sobre-nos\/#breadcrumb"},"inLanguage":"pt-PT","potentialAction":[{"@type":"ReadAction","target":["https:\/\/vergeproperties.pt\/pt-pt\/sobre-nos\/"]}]},{"@type":"BreadcrumbList","@id":"https:\/\/vergeproperties.pt\/pt-pt\/sobre-nos\/#breadcrumb","itemListElement":[{"@type":"ListItem","position":1,"name":"Home","item":"https:\/\/vergeproperties.pt\/pt-pt\/"},{"@type":"ListItem","position":2,"name":"Sobre N\u00f3s"}]},{"@type":"WebSite","@id":"https:\/\/vergeproperties.pt\/#website","url":"https:\/\/vergeproperties.pt\/","name":"Verge Property Developers","description":"Property Developers","publisher":{"@id":"https:\/\/vergeproperties.pt\/#organization"},"potentialAction":[{"@type":"SearchAction","target":{"@type":"EntryPoint","urlTemplate":"https:\/\/vergeproperties.pt\/?s={search_term_string}"},"query-input":"required name=search_term_string"}],"inLanguage":"pt-PT"},{"@type":"Organization","@id":"https:\/\/vergeproperties.pt\/#organization","name":"Verge Property Developers","url":"https:\/\/vergeproperties.pt\/","logo":{"@type":"ImageObject","inLanguage":"pt-PT","@id":"https:\/\/vergeproperties.pt\/#\/schema\/logo\/image\/","url":"https:\/\/vergeproperties.pt\/wp-content\/uploads\/2022\/09\/logo_verge_black.png","contentUrl":"https:\/\/vergeproperties.pt\/wp-content\/uploads\/2022\/09\/logo_verge_black.png","width":229,"height":90,"caption":"Verge Property Developers"},"image":{"@id":"https:\/\/vergeproperties.pt\/#\/schema\/logo\/image\/"}}]}},"_links":{"self":[{"href":"https:\/\/vergeproperties.pt\/pt-pt\/wp-json\/wp\/v2\/pages\/111234","targetHints":{"allow":["GET"]}}],"collection":[{"href":"https:\/\/vergeproperties.pt\/pt-pt\/wp-json\/wp\/v2\/pages"}],"about":[{"href":"https:\/\/vergeproperties.pt\/pt-pt\/wp-json\/wp\/v2\/types\/page"}],"author":[{"embeddable":true,"href":"https:\/\/vergeproperties.pt\/pt-pt\/wp-json\/wp\/v2\/users\/1"}],"replies":[{"embeddable":true,"href":"https:\/\/vergeproperties.pt\/pt-pt\/wp-json\/wp\/v2\/comments?post=111234"}],"version-history":[{"count":250,"href":"https:\/\/vergeproperties.pt\/pt-pt\/wp-json\/wp\/v2\/pages\/111234\/revisions"}],"predecessor-version":[{"id":114013,"href":"https:\/\/vergeproperties.pt\/pt-pt\/wp-json\/wp\/v2\/pages\/111234\/revisions\/114013"}],"wp:attachment":[{"href":"https:\/\/vergeproperties.pt\/pt-pt\/wp-json\/wp\/v2\/media?parent=111234"}],"curies":[{"name":"wp","href":"https:\/\/api.w.org\/{rel}","templated":true}]}}